{"id":2,"date":"2022-07-22T08:45:01","date_gmt":"2022-07-22T08:45:01","guid":{"rendered":"https:\/\/hardcore-mirzakhani.82-220-38-86.plesk.page\/?page_id=2"},"modified":"2024-04-17T10:37:02","modified_gmt":"2024-04-17T10:37:02","slug":"sample-page","status":"publish","type":"page","link":"https:\/\/kraftderbienen.at\/","title":{"rendered":"Startseite"},"content":{"rendered":"\n<section id=\"gmc2079e1\" class=\"wp-block-gutentor-m3 section-gmc2079e1 gutentor-module gutentor-container-cover has-video-bg has-custom-bg has-gutentor-overlay g-valign-c-mobile g-valign-c-tablet g-valign-c-desktop\"><video autoplay playsinline loop muted class=\"gutentor-bg-video\"><source type=\"video\/mp4\" src=\"https:\/\/kraftderbienen.at\/wp-content\/uploads\/2023\/04\/BienenAdobestock-365108375.mp4\"\/><\/video><div class=\"grid-container\">\n<h1 class=\"wp-block-heading has-nv-text-dark-bg-color has-text-color\">Durchatmen mit Bienenstockluft<\/h1>\n<\/div><\/section>\n\n\n\n<section id=\"gme819a71\" class=\"wp-block-gutentor-m3 section-gme819a71 gutentor-module gutentor-container-cover has-image-bg has-custom-bg has-gutentor-overlay\"><div class=\"grid-container\">\n<div style=\"height:56px\" aria-hidden=\"true\" id=\"wirkung\" class=\"wp-block-spacer\"><\/div>\n\n\n\n<h3 class=\"wp-block-heading has-nv-text-dark-bg-color has-text-color\">Die Luft zum Atmen ist f\u00fcr uns lebensnotwendig. Die immer schlechter werdende Qualit\u00e4t der Atemluft wird vielfach mit Erkrankungen in Verbindung gebracht. Diese k\u00f6nnen durch Bienenstockluft g\u00fcnstig beeinflusst werden.<\/h3>\n\n\n\n<h2 class=\"wp-block-heading has-nv-text-dark-bg-color has-text-color\">Die heilende Wirkung der Bienen<\/h2>\n\n\n\n<p class=\"has-nv-text-dark-bg-color has-text-color\">Bienen transportieren Harze, Pollen, Nektar und andere nat\u00fcrliche Stoffe (Flavonoide*) in den Bienenstock dabei entsteht die Bienenstockluft aus der t\u00e4glichen Arbeit von 50 000 \u2013 80 000 Bienen. D\u00e4mpfe mit wohltuendem und gesundem Aroma die den Duft nach Honig Propolis, \u00e4therischen \u00d6len und Wachs verbreiten, k\u00f6nnen mit einem Wellness- Ger\u00e4t eingeatmet werden.<\/p>\n\n\n\n<p class=\"has-nv-text-dark-bg-color has-text-color\">Wertvolle Inhaltsstoffe wie \u00e4therische \u00d6le, Honig, Pollen, Wachs, Propolis werden durch die W\u00e4rme im Bienenstock und die Ventilation der Bienenfl\u00fcgel an die Luft abgegeben. Mit einem API AIR WELLNESSGER\u00c4T wird die Bienenstockluft sanft abgesaugt und mit einem Schlauch zu einer Maske weitergeleitet. Der Anwender hat keinen direkten Kontakt zu den Bienen er sitzt hinter dem Bienenstock in einem Bienenhaus. Die Anwendung kann von April bis September durchgef\u00fchrt werden.<\/p>\n\n\n\n<p class=\"has-nv-text-dark-bg-color has-text-color\">Unsere Therapie eignet sich besonders f\u00fcr Menschen, die an Erkrankungen der Atemwege, Allergien, Depressionen oder anderen gesundheitlichen Problemen leiden. Durch das Einatmen der Bienenstockluft werden wertvolle Inhaltsstoffe wie \u00e4therische \u00d6le, Honig, Pollen und Propolis freigesetzt, die eine positive Wirkung auf Ihren K\u00f6rper und Geist haben k\u00f6nnen.<\/p>\n\n\n\n<p class=\"has-nv-text-dark-bg-color has-text-color\">*sekund\u00e4re Pflanzenstoffe<\/p>\n\n\n\n<h3 class=\"wp-block-heading has-nv-text-dark-bg-color has-text-color\">\u00c4rztliche Zusammenarbeit<\/h3>\n\n\n\n<p class=\"has-nv-text-dark-bg-color has-text-color has-link-color wp-elements-94dd09647a3f6975fee26d9cd0b443ef\">Dr. Dagmar Wagner &#8211; Rossatz &#8211; <a rel=\"noreferrer noopener\" href=\"https:\/\/www.ordination-wagner.at\/\" target=\"_blank\">https:\/\/www.ordination-wagner.at\/<\/a><\/p>\n\n\n\n<p class=\"has-nv-text-dark-bg-color has-text-color has-link-color wp-elements-0bfe6443d09a7c805315c6265cc38f62\">Dr. Wolfgang Maurer &#8211; <a href=\"https:\/\/www.drmaurer.at\" target=\"_blank\" rel=\"noreferrer noopener\">www.drmaurer.at<\/a><\/p>\n\n\n\n<figure class=\"wp-block-gallery has-nested-images columns-4 is-cropped wp-block-gallery-1 is-layout-flex wp-block-gallery-is-layout-flex\">\n<figure class=\"wp-block-image size-full\"><a href=\"https:\/\/kraftderbienen.at\/wp-content\/uploads\/2024\/04\/b333.jpg\"><img loading=\"lazy\" decoding=\"async\" width=\"640\" height=\"480\" data-id=\"631\" src=\"https:\/\/kraftderbienen.at\/wp-content\/uploads\/2024\/04\/b333.jpg\" alt=\"\" class=\"wp-image-631\" srcset=\"https:\/\/kraftderbienen.at\/wp-content\/uploads\/2024\/04\/b333.jpg 640w, https:\/\/kraftderbienen.at\/wp-content\/uploads\/2024\/04\/b333-300x225.jpg 300w\" sizes=\"auto, (max-width: 640px) 100vw, 640px\" \/><\/a><\/figure>\n\n\n\n<figure class=\"wp-block-image size-full\"><a href=\"https:\/\/kraftderbienen.at\/wp-content\/uploads\/2024\/04\/84d4d1ea-9c32-4b81-b6f2-4d40fcae7443.jpg\"><img loading=\"lazy\" decoding=\"async\" width=\"640\" height=\"480\" data-id=\"616\" src=\"https:\/\/kraftderbienen.at\/wp-content\/uploads\/2024\/04\/84d4d1ea-9c32-4b81-b6f2-4d40fcae7443.jpg\" alt=\"\" class=\"wp-image-616\" srcset=\"https:\/\/kraftderbienen.at\/wp-content\/uploads\/2024\/04\/84d4d1ea-9c32-4b81-b6f2-4d40fcae7443.jpg 640w, https:\/\/kraftderbienen.at\/wp-content\/uploads\/2024\/04\/84d4d1ea-9c32-4b81-b6f2-4d40fcae7443-300x225.jpg 300w\" sizes=\"auto, (max-width: 640px) 100vw, 640px\" \/><\/a><\/figure>\n\n\n\n<figure class=\"wp-block-image size-full\"><a href=\"https:\/\/kraftderbienen.at\/wp-content\/uploads\/2024\/04\/IMG_0668.jpg\"><img loading=\"lazy\" decoding=\"async\" width=\"640\" height=\"480\" data-id=\"634\" src=\"https:\/\/kraftderbienen.at\/wp-content\/uploads\/2024\/04\/IMG_0668.jpg\" alt=\"\" class=\"wp-image-634\" srcset=\"https:\/\/kraftderbienen.at\/wp-content\/uploads\/2024\/04\/IMG_0668.jpg 640w, https:\/\/kraftderbienen.at\/wp-content\/uploads\/2024\/04\/IMG_0668-300x225.jpg 300w\" sizes=\"auto, (max-width: 640px) 100vw, 640px\" \/><\/a><\/figure>\n\n\n\n<figure class=\"wp-block-image size-full\"><a href=\"https:\/\/kraftderbienen.at\/wp-content\/uploads\/2024\/04\/b11.jpg\"><img loading=\"lazy\" decoding=\"async\" width=\"640\" height=\"480\" data-id=\"623\" src=\"https:\/\/kraftderbienen.at\/wp-content\/uploads\/2024\/04\/b11.jpg\" alt=\"\" class=\"wp-image-623\" srcset=\"https:\/\/kraftderbienen.at\/wp-content\/uploads\/2024\/04\/b11.jpg 640w, https:\/\/kraftderbienen.at\/wp-content\/uploads\/2024\/04\/b11-300x225.jpg 300w\" sizes=\"auto, (max-width: 640px) 100vw, 640px\" \/><\/a><\/figure>\n\n\n\n<figure class=\"wp-block-image size-full\"><a href=\"https:\/\/kraftderbienen.at\/wp-content\/uploads\/2024\/04\/IMG_0670.jpg\"><img loading=\"lazy\" decoding=\"async\" width=\"640\" height=\"480\" data-id=\"635\" src=\"https:\/\/kraftderbienen.at\/wp-content\/uploads\/2024\/04\/IMG_0670.jpg\" alt=\"\" class=\"wp-image-635\" srcset=\"https:\/\/kraftderbienen.at\/wp-content\/uploads\/2024\/04\/IMG_0670.jpg 640w, https:\/\/kraftderbienen.at\/wp-content\/uploads\/2024\/04\/IMG_0670-300x225.jpg 300w\" sizes=\"auto, (max-width: 640px) 100vw, 640px\" \/><\/a><\/figure>\n\n\n\n<figure class=\"wp-block-image size-large\"><a href=\"https:\/\/kraftderbienen.at\/wp-content\/uploads\/2024\/04\/b66.jpg\"><img loading=\"lazy\" decoding=\"async\" width=\"1024\" height=\"768\" data-id=\"628\" src=\"https:\/\/kraftderbienen.at\/wp-content\/uploads\/2024\/04\/b66-1024x768.jpg\" alt=\"\" class=\"wp-image-628\" srcset=\"https:\/\/kraftderbienen.at\/wp-content\/uploads\/2024\/04\/b66-1024x768.jpg 1024w, https:\/\/kraftderbienen.at\/wp-content\/uploads\/2024\/04\/b66-300x225.jpg 300w, https:\/\/kraftderbienen.at\/wp-content\/uploads\/2024\/04\/b66-768x576.jpg 768w, https:\/\/kraftderbienen.at\/wp-content\/uploads\/2024\/04\/b66-1536x1152.jpg 1536w, https:\/\/kraftderbienen.at\/wp-content\/uploads\/2024\/04\/b66.jpg 1600w\" sizes=\"auto, (max-width: 1024px) 100vw, 1024px\" \/><\/a><\/figure>\n\n\n\n<figure class=\"wp-block-image size-full\"><a href=\"https:\/\/kraftderbienen.at\/wp-content\/uploads\/2024\/04\/IMG_0675-rotated.jpg\"><img loading=\"lazy\" decoding=\"async\" width=\"480\" height=\"640\" data-id=\"640\" src=\"https:\/\/kraftderbienen.at\/wp-content\/uploads\/2024\/04\/IMG_0675-rotated.jpg\" alt=\"\" class=\"wp-image-640\" srcset=\"https:\/\/kraftderbienen.at\/wp-content\/uploads\/2024\/04\/IMG_0675-rotated.jpg 480w, https:\/\/kraftderbienen.at\/wp-content\/uploads\/2024\/04\/IMG_0675-225x300.jpg 225w\" sizes=\"auto, (max-width: 480px) 100vw, 480px\" \/><\/a><\/figure>\n\n\n\n<figure class=\"wp-block-image size-large\"><a href=\"https:\/\/kraftderbienen.at\/wp-content\/uploads\/2024\/04\/f-1.jpg\"><img loading=\"lazy\" decoding=\"async\" width=\"768\" height=\"1024\" data-id=\"653\" src=\"https:\/\/kraftderbienen.at\/wp-content\/uploads\/2024\/04\/f-1-768x1024.jpg\" alt=\"\" class=\"wp-image-653\" srcset=\"https:\/\/kraftderbienen.at\/wp-content\/uploads\/2024\/04\/f-1-768x1024.jpg 768w, https:\/\/kraftderbienen.at\/wp-content\/uploads\/2024\/04\/f-1-225x300.jpg 225w, https:\/\/kraftderbienen.at\/wp-content\/uploads\/2024\/04\/f-1-1152x1536.jpg 1152w, https:\/\/kraftderbienen.at\/wp-content\/uploads\/2024\/04\/f-1.jpg 1500w\" sizes=\"auto, (max-width: 768px) 100vw, 768px\" \/><\/a><\/figure>\n\n\n\n<figure class=\"wp-block-image size-full\"><a href=\"https:\/\/kraftderbienen.at\/wp-content\/uploads\/2024\/04\/IMG_0662.jpg\"><img loading=\"lazy\" decoding=\"async\" width=\"640\" height=\"480\" data-id=\"629\" src=\"https:\/\/kraftderbienen.at\/wp-content\/uploads\/2024\/04\/IMG_0662.jpg\" alt=\"\" class=\"wp-image-629\" srcset=\"https:\/\/kraftderbienen.at\/wp-content\/uploads\/2024\/04\/IMG_0662.jpg 640w, https:\/\/kraftderbienen.at\/wp-content\/uploads\/2024\/04\/IMG_0662-300x225.jpg 300w\" sizes=\"auto, (max-width: 640px) 100vw, 640px\" \/><\/a><\/figure>\n\n\n\n<figure class=\"wp-block-image size-full\"><a href=\"https:\/\/kraftderbienen.at\/wp-content\/uploads\/2024\/04\/IMG_0665.jpg\"><img loading=\"lazy\" decoding=\"async\" width=\"640\" height=\"480\" data-id=\"632\" src=\"https:\/\/kraftderbienen.at\/wp-content\/uploads\/2024\/04\/IMG_0665.jpg\" alt=\"\" class=\"wp-image-632\" srcset=\"https:\/\/kraftderbienen.at\/wp-content\/uploads\/2024\/04\/IMG_0665.jpg 640w, https:\/\/kraftderbienen.at\/wp-content\/uploads\/2024\/04\/IMG_0665-300x225.jpg 300w\" sizes=\"auto, (max-width: 640px) 100vw, 640px\" \/><\/a><\/figure>\n\n\n\n<figure class=\"wp-block-image size-full\"><a href=\"https:\/\/kraftderbienen.at\/wp-content\/uploads\/2024\/04\/IMG_0676-1.jpg\"><img loading=\"lazy\" decoding=\"async\" width=\"640\" height=\"480\" data-id=\"643\" src=\"https:\/\/kraftderbienen.at\/wp-content\/uploads\/2024\/04\/IMG_0676-1.jpg\" alt=\"\" class=\"wp-image-643\" srcset=\"https:\/\/kraftderbienen.at\/wp-content\/uploads\/2024\/04\/IMG_0676-1.jpg 640w, https:\/\/kraftderbienen.at\/wp-content\/uploads\/2024\/04\/IMG_0676-1-300x225.jpg 300w\" sizes=\"auto, (max-width: 640px) 100vw, 640px\" \/><\/a><\/figure>\n\n\n\n<figure class=\"wp-block-image size-full\"><a href=\"https:\/\/kraftderbienen.at\/wp-content\/uploads\/2024\/04\/b22.jpg\"><img loading=\"lazy\" decoding=\"async\" width=\"1200\" height=\"1600\" data-id=\"624\" src=\"https:\/\/kraftderbienen.at\/wp-content\/uploads\/2024\/04\/b22.jpg\" alt=\"\" class=\"wp-image-624\" srcset=\"https:\/\/kraftderbienen.at\/wp-content\/uploads\/2024\/04\/b22.jpg 1200w, https:\/\/kraftderbienen.at\/wp-content\/uploads\/2024\/04\/b22-225x300.jpg 225w, https:\/\/kraftderbienen.at\/wp-content\/uploads\/2024\/04\/b22-768x1024.jpg 768w, https:\/\/kraftderbienen.at\/wp-content\/uploads\/2024\/04\/b22-1152x1536.jpg 1152w\" sizes=\"auto, (max-width: 1200px) 100vw, 1200px\" \/><\/a><\/figure>\n<\/figure>\n\n\n\n<p><\/p>\n\n\n\n<div style=\"height:25px\" aria-hidden=\"true\" class=\"wp-block-spacer\"><\/div>\n<\/div><\/section>\n\n\n\n<section id=\"gmc42dc56\" class=\"wp-block-gutentor-m3 section-gmc42dc56 gutentor-module gutentor-container-cover has-image-bg has-custom-bg has-gutentor-overlay g-valign-c-mobile g-valign-c-tablet g-valign-c-desktop\"><div class=\"grid-container\"><\/div><\/section>\n\n\n\n<section id=\"gmfc8d384\" class=\"wp-block-gutentor-m3 section-gmfc8d384 gutentor-module gutentor-container-cover has-image-bg has-custom-bg has-gutentor-overlay\"><div class=\"grid-container\">\n<div style=\"height:56px\" aria-hidden=\"true\" id=\"anwendung\" class=\"wp-block-spacer\"><\/div>\n\n\n\n<h2 class=\"wp-block-heading has-nv-text-dark-bg-color has-text-color\">Anwendungen<\/h2>\n\n\n\n<p class=\"has-nv-text-dark-bg-color has-text-color\">Diese Erkrankungen k\u00f6nnen mit einer Inhalation der Bienenstockluft g\u00fcnstig beeinflusst werden:<\/p>\n\n\n\n<div class=\"wp-block-columns is-layout-flex wp-container-core-columns-is-layout-9d6595d7 wp-block-columns-is-layout-flex\">\n<div class=\"wp-block-column is-layout-flow wp-block-column-is-layout-flow\">\n<figure class=\"wp-block-image size-large is-resized\"><img loading=\"lazy\" decoding=\"async\" width=\"999\" height=\"1333\" src=\"https:\/\/kraftderbienen.at\/wp-content\/uploads\/2023\/04\/MG_8078-edited.jpg\" alt=\"\" class=\"wp-image-534\" style=\"width:397px;height:530px\" srcset=\"https:\/\/kraftderbienen.at\/wp-content\/uploads\/2023\/04\/MG_8078-edited.jpg 999w, https:\/\/kraftderbienen.at\/wp-content\/uploads\/2023\/04\/MG_8078-edited-225x300.jpg 225w, https:\/\/kraftderbienen.at\/wp-content\/uploads\/2023\/04\/MG_8078-edited-767x1024.jpg 767w, https:\/\/kraftderbienen.at\/wp-content\/uploads\/2023\/04\/MG_8078-edited-768x1025.jpg 768w\" sizes=\"auto, (max-width: 999px) 100vw, 999px\" \/><\/figure>\n<\/div>\n\n\n\n<div class=\"wp-block-column is-layout-flow wp-block-column-is-layout-flow\">\n<ul style=\"color:var(--nv-text-dark-bg)\" class=\"is-style-checkbox wp-block-list\">\n<li>Allergien<\/li>\n\n\n\n<li>Depression<\/li>\n\n\n\n<li>Asthma<\/li>\n\n\n\n<li>Infektanf\u00e4lligkeit<\/li>\n\n\n\n<li>COPD<\/li>\n\n\n\n<li>Bronchitis<\/li>\n\n\n\n<li>Immunst\u00e4rkend<\/li>\n\n\n\n<li>Chronischer Schnupfen<\/li>\n\n\n\n<li>Chronische Kopfschmerzen<\/li>\n\n\n\n<li>Nasen-Nebenh\u00f6hlenentz\u00fcndung<\/li>\n\n\n\n<li>Lungenerkrankungen<\/li>\n\n\n\n<li>nach COVID Erkrankung<\/li>\n<\/ul>\n\n\n\n<p><\/p>\n<\/div>\n<\/div>\n\n\n\n<div style=\"height:25px\" aria-hidden=\"true\" class=\"wp-block-spacer\"><\/div>\n\n\n\n<h3 class=\"wp-block-heading has-text-align-center has-nv-text-dark-bg-color has-text-color\">Die wohltuende Bienenstockluft geh\u00f6rt zu den vielen positiven Eigenschaften der Bienen und ihrer Produkte.<\/h3>\n\n\n\n<div style=\"height:25px\" aria-hidden=\"true\" class=\"wp-block-spacer\"><\/div>\n<\/div><\/section>\n\n\n<section class=\"section-gp3a97ae6 gutentor-post-module gutentor-post-module-p2 gutentor-post-4 alignfull gutentor-template-9 wp-block-gutentor-p2  has-color-bg has-custom-bg\" id=\"gp3a97ae6\" >\n<div class='grid-container'><div class='grid-row'><div class='grid-lg-8 grid-md-8 grid-12'><div class='grid-row'><div class='grid-lg-6 grid-md-6 grid-12'><article class='gutentor-post gtf-item-wrap gutentor-post-item-0 gtf-item-0'><div class='gutentor-post-item gtf-item'><div class='gutentor-bg-image gtf-bg-image gutentor-post-height gtf-item-height gutentor-overlay g-overlay g-link-enabled  g-pos-bottom-cont-m g-pos-bottom-cont-t g-pos-bottom-cont-d' style=\"background-image:url(https:\/\/kraftderbienen.at\/wp-content\/uploads\/2022\/08\/AdobeStock_226839617.jpeg)\"><div class=\"gutentor-post-content gtf-content\"><div class=\"gutentor-entry-meta gutentor-entry-meta-primary\"><\/div><h3 class=\"gutentor-post-title\"><a href=\"https:\/\/kraftderbienen.at\/?p=128\" rel=\"bookmark\">Medizin f\u00fcr die Zukunft<\/a><\/h3><div class=\"gutentor-post-desc\">Immer mehr Bakterien werden in den letzten Jahren resistent gegen chemische Antibiotika, was sogar i&hellip;<\/div><\/div> <a class=\"gutentor-link\" href=\"https:\/\/kraftderbienen.at\/?p=128\"  rel=&quot;noopener noreferrer&quot;><\/a><\/div><\/div><\/article><\/div><div class='grid-lg-6 grid-md-6 grid-12'><article class='gutentor-post gtf-item-wrap gutentor-post-item-1 gtf-item-1'><div class='gutentor-post-item gtf-item'><div class='gutentor-bg-image gtf-bg-image gutentor-post-height gtf-item-height gutentor-overlay g-overlay g-link-enabled  g-pos-bottom-cont-m g-pos-bottom-cont-t g-pos-bottom-cont-d' style=\"background-image:url(https:\/\/kraftderbienen.at\/wp-content\/uploads\/2024\/04\/Api-Therapie.gif)\"><div class=\"gutentor-post-content gtf-content\"><div class=\"gutentor-entry-meta gutentor-entry-meta-primary\"><\/div><h3 class=\"gutentor-post-title\"><a href=\"https:\/\/kraftderbienen.at\/?p=351\" rel=\"bookmark\">Geschichte der Apitherapie<\/a><\/h3><div class=\"gutentor-post-desc\">Die Apitherapie hat eine lange Geschichte, die bis in die Antike zur\u00fcckreicht. Bienenprodukte wie Ho&hellip;<\/div><\/div> <a class=\"gutentor-link\" href=\"https:\/\/kraftderbienen.at\/?p=351\"  rel=&quot;noopener noreferrer&quot;><\/a><\/div><\/div><\/article><\/div><div class='grid-lg-12 grid-md-12 grid-12'><article class='gutentor-post gtf-item-wrap gutentor-post-item-2 gtf-item-2'><div class='gutentor-post-item gtf-item'><div class='gutentor-bg-image gtf-bg-image gutentor-post-height gtf-item-height gutentor-overlay g-overlay g-link-enabled  g-pos-bottom-cont-m g-pos-bottom-cont-t g-pos-bottom-cont-d' style=\"background-image:url(https:\/\/kraftderbienen.at\/wp-content\/uploads\/2022\/08\/Screenshot-2023-04-17-123405.jpg)\"><div class=\"gutentor-post-content gtf-content\"><div class=\"gutentor-entry-meta gutentor-entry-meta-primary\"><\/div><h3 class=\"gutentor-post-title\"><a href=\"https:\/\/kraftderbienen.at\/?p=139\" rel=\"bookmark\">Oberw\u00f6lblingerin nutzt die Kraft der Bienen<\/a><\/h3><div class=\"gutentor-post-desc\">\ufeffOBERW\u00d6LBLING (sl). Dass Bienen wahre Multitalente sind, wenn es darum geht, f\u00fcr uns Menschen&nbsp;n&hellip;<\/div><\/div> <a class=\"gutentor-link\" href=\"https:\/\/kraftderbienen.at\/?p=139\"  rel=&quot;noopener noreferrer&quot;><\/a><\/div><\/div><\/article><\/div><\/div><\/div><div class='grid-lg-4 grid-md-4 grid-12'><article class='gutentor-post gtf-item-wrap gutentor-post-item-3 gtf-item-3'><div class='gutentor-post-item gtf-item'><div class='gutentor-bg-image gtf-bg-image gutentor-post-height gtf-item-height gutentor-overlay g-overlay g-link-enabled  g-pos-bottom-cont-m g-pos-bottom-cont-t g-pos-bottom-cont-d' style=\"background-image:url(https:\/\/kraftderbienen.at\/wp-content\/uploads\/2024\/04\/ff-rotated.jpg)\"><div class=\"gutentor-post-content gtf-content\"><div class=\"gutentor-entry-meta gutentor-entry-meta-primary\"><\/div><h3 class=\"gutentor-post-title\"><a href=\"https:\/\/kraftderbienen.at\/?p=123\" rel=\"bookmark\">Bienenluft-Inhalation<\/a><\/h3><div class=\"gutentor-post-desc\">Bei uns in Oberw\u00f6lbling k\u00f6nnen Besucher ohne direkten Kontakt mit Bienen Bienenluft inhalieren. Die &hellip;<\/div><\/div> <a class=\"gutentor-link\" href=\"https:\/\/kraftderbienen.at\/?p=123\"  rel=&quot;noopener noreferrer&quot;><\/a><\/div><\/div><\/article><\/div><\/div><\/div><\/section>","protected":false},"excerpt":{"rendered":"","protected":false},"author":1,"featured_media":0,"parent":0,"menu_order":0,"comment_status":"closed","ping_status":"open","template":"","meta":{"_coblocks_attr":"","_coblocks_dimensions":"","_coblocks_responsive_height":"","_coblocks_accordion_ie_support":"","_uag_custom_page_level_css":"","neve_meta_sidebar":"","neve_meta_container":"full-width","neve_meta_enable_content_width":"","neve_meta_content_width":0,"neve_meta_title_alignment":"","neve_meta_author_avatar":"","neve_post_elements_order":"","neve_meta_disable_header":"","neve_meta_disable_footer":"","neve_meta_disable_title":"on","_themeisle_gutenberg_block_has_review":false,"footnotes":""},"class_list":["post-2","page","type-page","status-publish","hentry"],"uagb_featured_image_src":{"full":false,"thumbnail":false,"medium":false,"medium_large":false,"large":false,"1536x1536":false,"2048x2048":false,"neve-blog":false},"uagb_author_info":{"display_name":"admin","author_link":"https:\/\/kraftderbienen.at\/?author=1"},"uagb_comment_info":0,"uagb_excerpt":null,"_links":{"self":[{"href":"https:\/\/kraftderbienen.at\/index.php?rest_route=\/wp\/v2\/pages\/2","targetHints":{"allow":["GET"]}}],"collection":[{"href":"https:\/\/kraftderbienen.at\/index.php?rest_route=\/wp\/v2\/pages"}],"about":[{"href":"https:\/\/kraftderbienen.at\/index.php?rest_route=\/wp\/v2\/types\/page"}],"author":[{"embeddable":true,"href":"https:\/\/kraftderbienen.at\/index.php?rest_route=\/wp\/v2\/users\/1"}],"replies":[{"embeddable":true,"href":"https:\/\/kraftderbienen.at\/index.php?rest_route=%2Fwp%2Fv2%2Fcomments&post=2"}],"version-history":[{"count":59,"href":"https:\/\/kraftderbienen.at\/index.php?rest_route=\/wp\/v2\/pages\/2\/revisions"}],"predecessor-version":[{"id":654,"href":"https:\/\/kraftderbienen.at\/index.php?rest_route=\/wp\/v2\/pages\/2\/revisions\/654"}],"wp:attachment":[{"href":"https:\/\/kraftderbienen.at\/index.php?rest_route=%2Fwp%2Fv2%2Fmedia&parent=2"}],"curies":[{"name":"wp","href":"https:\/\/api.w.org\/{rel}","templated":true}]}}